{"id":805,"date":"2024-05-04T03:28:00","date_gmt":"2024-05-04T03:28:00","guid":{"rendered":"https:\/\/test.parkerrussell.vn\/khu-vuc-thanh-vien\/"},"modified":"2024-05-04T04:43:49","modified_gmt":"2024-05-04T04:43:49","slug":"khu-vuc-thanh-vien","status":"publish","type":"page","link":"https:\/\/parkerrussell.com.vn\/vi\/khu-vuc-thanh-vien\/","title":{"rendered":"Khu v\u1ef1c th\u00e0nh vi\u00ean"},"content":{"rendered":"\t<section class=\"section\" id=\"section_770549886\">\n\t\t<div class=\"bg section-bg fill bg-fill  bg-loaded\" >\n\n\t\t\t\n\t\t\t\n\t\t\t\n\n\t\t<\/div>\n\n\t\t\n\n\t\t<div class=\"section-content relative\">\n\t\t\t\n<div class=\"row\"  id=\"row-1727862133\">\n\n\t<div id=\"col-1168698269\" class=\"col small-12 large-12\"  >\n\t\t\t\t<div class=\"col-inner\"  >\n\t\t\t\n\t\t\t\n\n  <div class=\"banner has-hover\" id=\"banner-475367171\">\n          <div class=\"banner-inner fill\">\n        <div class=\"banner-bg fill\" >\n            <div class=\"bg fill bg-fill \"><\/div>\n                        <div class=\"overlay\"><\/div>            \n                    <\/div>\n\t\t\n        <div class=\"banner-layers container\">\n            <div class=\"fill banner-link\"><\/div>            \n   <div id=\"text-box-768128190\" class=\"text-box banner-layer x50 md-x50 lg-x50 y50 md-y50 lg-y50 res-text\">\n                                <div class=\"text-box-content text dark\">\n              \n              <div class=\"text-inner text-left\">\n                  \n<h3 class=\"uppercase\" style=\"text-align: left;\">Th\u00f4ng tin &amp; T\u00e0i nguy\u00ean Th\u00e0nh vi\u00ean<\/h3>\n<p class=\"uppercase\" style=\"text-align: left;\">Ch\u00e0o m\u1eebng \u0111\u1ebfn v\u1edbi Khu v\u1ef1c Th\u00e0nh vi\u00ean Parker Russell. T\u1ea1i \u0111\u00e2y b\u1ea1n c\u00f3 th\u1ec3 t\u00ecm th\u1ea5y th\u00f4ng tin v\u00e0 t\u00e0i nguy\u00ean h\u1eefu \u00edch cho c\u00e1c th\u00e0nh vi\u00ean. N\u1ebfu b\u1ea1n mu\u1ed1n li\u00ean h\u1ec7 v\u1edbi nh\u00f3m, vui l\u00f2ng nh\u1ea5p v\u00e0o n\u00fat b\u00ean d\u01b0\u1edbi<\/p>\n<a class=\"button white is-outline is-xlarge lowercase\"  style=\"border-radius:5px;\">\n    <span>Li\u00ean h\u1ec7<\/span>\n  <\/a>\n\n              <\/div>\n           <\/div>\n                            \n<style>\n#text-box-768128190 {\n  width: 60%;\n}\n#text-box-768128190 .text-box-content {\n  font-size: 100%;\n}\n<\/style>\n    <\/div>\n \n        <\/div>\n      <\/div>\n\n            \n<style>\n#banner-475367171 {\n  padding-top: 300px;\n}\n#banner-475367171 .bg.bg-loaded {\n  background-image: url(https:\/\/parkerrussell.com.vn\/wp-content\/uploads\/2024\/04\/temp-strategy-1.jpg);\n}\n#banner-475367171 .overlay {\n  background-color: rgba(0,0,0,.5);\n}\n<\/style>\n  <\/div>\n\n\n\t<div id=\"gap-245981937\" class=\"gap-element clearfix\" style=\"display:block; height:auto;\">\n\t\t\n<style>\n#gap-245981937 {\n  padding-top: 30px;\n}\n<\/style>\n\t<\/div>\n\t\n<h2>Ch\u00e0o m\u1eebng \u0111\u1ebfn v\u1edbi Khu v\u1ef1c Th\u00e0nh vi\u00ean Parker v\u00e0 Russell<\/h2>\n\t\t<\/div>\n\t\t\t\t\t<\/div>\n\n\t\n\n\t<div id=\"col-152679221\" class=\"col small-12 large-12\"  >\n\t\t\t\t<div class=\"col-inner\"  >\n\t\t\t\n\t\t\t\n<div class=\"row\"  id=\"row-245809229\">\n\n\t<div id=\"col-434113008\" class=\"col medium-9 small-12 large-9\"  >\n\t\t\t\t<div class=\"col-inner\" style=\"background-color:rgb(255, 255, 255);\" >\n\t\t\t\n\t\t\t\n<div class=\"row\"  id=\"row-650565542\">\n\n\t<div id=\"col-63952543\" class=\"col medium-4 small-12 large-4\"  >\n\t\t\t\t<div class=\"col-inner\"  >\n\t\t\t\n\t\t\t\n\n<div class=\"wpcf7 no-js\" id=\"wpcf7-f1072-o1\" lang=\"vi-VN\" dir=\"ltr\" data-wpcf7-id=\"1072\">\n<div class=\"screen-reader-response\"><p role=\"status\" aria-live=\"polite\" aria-atomic=\"true\"><\/p> <ul><\/ul><\/div>\n<form action=\"\/vi\/wp-json\/wp\/v2\/pages\/805#wpcf7-f1072-o1\" method=\"post\" class=\"wpcf7-form init\" aria-label=\"Contact form\" novalidate=\"novalidate\" data-status=\"init\">\n<fieldset class=\"hidden-fields-container\"><input type=\"hidden\" name=\"_wpcf7\" value=\"1072\" \/><input type=\"hidden\" name=\"_wpcf7_version\" value=\"6.1.3\" \/><input type=\"hidden\" name=\"_wpcf7_locale\" value=\"vi_VN\" \/><input type=\"hidden\" name=\"_wpcf7_unit_tag\" value=\"wpcf7-f1072-o1\" \/><input type=\"hidden\" name=\"_wpcf7_container_post\" value=\"0\" \/><input type=\"hidden\" name=\"_wpcf7_posted_data_hash\" value=\"\" \/><input type=\"hidden\" name=\"_wpcf7_recaptcha_response\" value=\"\" \/>\n<\/fieldset>\n<div class=\"form-contact\">\n\t<div>\n\t\t<h3>B\u1ea3n tin\n\t\t<\/h3>\n\t\t<p>Lu\u00f4n c\u1eadp nh\u1eadt v\u1ec1 t\u1ea5t c\u1ea3 c\u00e1c c\u1eadp nh\u1eadt v\u00e0 d\u1ecbch v\u1ee5 m\u1edbi nh\u1ea5t c\u1ee7a ch\u00fang t\u00f4i, \u0111\u1ed3ng th\u1eddi \u0111\u0103ng k\u00fd nh\u1eadn b\u1ea3n tin email c\u1ee7a ch\u00fang t\u00f4i.\n\t\t<\/p>\n\t<\/div>\n\t<div>\n\t\t<p><span class=\"wpcf7-form-control-wrap\" data-name=\"first-name\"><input size=\"40\" maxlength=\"400\" class=\"wpcf7-form-control wpcf7-text wpcf7-validates-as-required\" aria-required=\"true\" aria-invalid=\"false\" placeholder=\"T\u00ean*\" value=\"\" type=\"text\" name=\"first-name\" \/><\/span>\n\t\t<\/p>\n\t<\/div>\n\t<div>\n\t\t<p><span class=\"wpcf7-form-control-wrap\" data-name=\"last-name\"><input size=\"40\" maxlength=\"400\" class=\"wpcf7-form-control wpcf7-text wpcf7-validates-as-required\" aria-required=\"true\" aria-invalid=\"false\" placeholder=\"H\u1ecd *\" value=\"\" type=\"text\" name=\"last-name\" \/><\/span>\n\t\t<\/p>\n\t<\/div>\n<\/div>\n<p><span class=\"wpcf7-form-control-wrap\" data-name=\"your-email\"><input size=\"40\" maxlength=\"400\" class=\"wpcf7-form-control wpcf7-email wpcf7-text wpcf7-validates-as-email\" aria-invalid=\"false\" placeholder=\"Email\" value=\"\" type=\"email\" name=\"your-email\" \/><\/span>\n<\/p>\n<p><button type=\"submit\" class=\"button\"><br \/>\n<span>G\u1eedi tin nh\u1eafn<\/span><br \/>\n<\/button>\n<\/p><div class=\"wpcf7-response-output\" aria-hidden=\"true\"><\/div>\n<\/form>\n<\/div>\n\n\t\t<\/div>\n\t\t\t\t\t<\/div>\n\n\t\n\n\t<div id=\"col-684970885\" class=\"col medium-8 small-12 large-8\"  >\n\t\t\t\t<div class=\"col-inner\"  >\n\t\t\t\n\t\t\t\n<h3>Khu v\u1ef1c th\u00e0nh vi\u00ean Parker Russell<\/h3>\n<p>Ch\u00e0o m\u1eebng b\u1ea1n \u0111\u1ebfn v\u1edbi khu v\u1ef1c th\u00e0nh vi\u00ean Parker Russell, n\u01a1i b\u1ea1n c\u00f3 th\u1ec3 truy c\u1eadp t\u00e0i li\u1ec7u \u0111\u00e0o t\u1ea1o, xem c\u00e1c quy tr\u00ecnh tu\u00e2n th\u1ee7 c\u1eadp nh\u1eadt, xem c\u00e1c \u1ea5n ph\u1ea9m c\u00f3 li\u00ean quan v\u00e0 xem ai l\u00e0 ng\u01b0\u1eddi li\u00ean h\u1ec7 t\u1ed1t nh\u1ea5t \u1edf m\u1ed7i qu\u1ed1c gia cho l\u0129nh v\u1ef1c chuy\u00ean m\u00f4n m\u00e0 b\u1ea1n y\u00eau c\u1ea7u.<\/p>\n<h3><img decoding=\"async\" class=\"aligncenter wp-image-321 size-full\" src=\"https:\/\/test.parkerrussell.vn\/wp-content\/uploads\/2024\/04\/people-and-tech-1024x640-1.jpg\" alt=\"\" width=\"1024\" height=\"640\" srcset=\"https:\/\/parkerrussell.com.vn\/wp-content\/uploads\/2024\/04\/people-and-tech-1024x640-1.jpg 1024w, https:\/\/parkerrussell.com.vn\/wp-content\/uploads\/2024\/04\/people-and-tech-1024x640-1-300x188.jpg 300w, https:\/\/parkerrussell.com.vn\/wp-content\/uploads\/2024\/04\/people-and-tech-1024x640-1-768x480.jpg 768w\" sizes=\"(max-width: 1024px) 100vw, 1024px\" \/><br \/>K\u1ebft n\u1ed1i v\u1edbi c\u00e1c th\u00e0nh vi\u00ean c\u1ee7a b\u1ea1n<\/h3>\n<p>Khu v\u1ef1c th\u00e0nh vi\u00ean cho ph\u00e9p b\u1ea1n k\u1ebft n\u1ed1i v\u1edbi c\u00e1c th\u00e0nh vi\u00ean kh\u00e1c v\u00e0 t\u1eadn h\u01b0\u1edfng nh\u1eefng l\u1ee3i \u00edch khi tr\u1edf th\u00e0nh m\u1ed9t ph\u1ea7n trong m\u1ea1ng l\u01b0\u1edbi tuy\u1ec7t v\u1eddi c\u1ee7a ch\u00fang t\u00f4i. Trong ph\u1ea7n chuy\u00ean m\u00f4n b\u1ea1n s\u1ebd th\u1ea5y danh s\u00e1ch chuy\u00ean m\u00f4n v\u00e0 d\u01b0\u1edbi m\u1ed7i h\u1ea1ng m\u1ee5c l\u00e0 \u0111\u1ecba ch\u1ec9 li\u00ean h\u1ec7 t\u1ed1t nh\u1ea5t \u1edf m\u1ed7i qu\u1ed1c gia th\u00e0nh vi\u00ean.<\/p>\n<p>V\u1eady b\u1ea1n c\u00f2n ch\u1edd g\u00ec n\u1eefa, h\u00e3y ti\u1ebfp t\u1ee5c, k\u1ebft n\u1ed1i!<\/p>\n\t\t<\/div>\n\t\t\t\t\t<\/div>\n\n\t\n<\/div>\n\t\t<\/div>\n\t\t\t\t\n<style>\n#col-434113008 > .col-inner {\n  padding: 20px 0px 330px 20px;\n}\n<\/style>\n\t<\/div>\n\n\t\n\n\t<div id=\"col-545418286\" class=\"col medium-3 small-12 large-3\"  >\n\t\t\t\t<div class=\"col-inner\" style=\"background-color:rgb(255, 255, 255);\" >\n\t\t\t\n\t\t\t\n<h3>Li\u00ean l\u1ea1c<\/h3>\r\nM\u1ecdi th\u1eafc m\u1eafc v\u1ec1 d\u1ecbch v\u1ee5 c\u1ee7a ch\u00fang t\u00f4i, vui l\u00f2ng li\u00ean h\u1ec7 v\u1edbi m\u1ed9t trong nh\u1eefng chuy\u00ean gia t\u01b0 v\u1ea5n c\u1ee7a ch\u00fang t\u00f4i.\r\n\r\n<a href=\"https:\/\/test.parkerrussell.vn\/vi\/lien-he\/\" target=\"_self\" class=\"button primary lowercase\"  >\n    <span>Li\u00ean h\u1ec7<\/span>\n  <\/a>\n\r\n\r\n<div class=\"is-divider divider clearfix\" style=\"margin-top:1px;margin-bottom:1px;max-width:100%;height:1px;background-color:rgb(0, 0, 0);\"><\/div>\r\n\r\n\t<div id=\"gap-719481648\" class=\"gap-element clearfix\" style=\"display:block; height:auto;\">\n\t\t\n<style>\n#gap-719481648 {\n  padding-top: 30px;\n}\n<\/style>\n\t<\/div>\n\t\r\n<h3>K\u1ebft n\u1ed1i<\/h3>\r\n<div class=\"social-icons follow-icons\" ><a href=\"https:\/\/www.instagram.com\/parkerrussellinternational\/\" target=\"_blank\" rel=\"noopener noreferrer nofollow\" data-label=\"Instagram\" class=\"icon primary button circle instagram tooltip\" title=\"Follow on Instagram\" aria-label=\"Follow on Instagram\" ><i class=\"icon-instagram\" ><\/i><\/a><a href=\"https:\/\/twitter.com\/ParkerRussellIn\" data-label=\"Twitter\" target=\"_blank\" rel=\"noopener noreferrer nofollow\" class=\"icon primary button circle twitter tooltip\" title=\"Follow on Twitter\" aria-label=\"Follow on Twitter\" ><i class=\"icon-twitter\" ><\/i><\/a><\/div>\r\n\r\n<div class=\"is-divider divider clearfix\" style=\"max-width:100%;height:1px;background-color:rgb(0, 0, 0);\"><\/div>\r\n\r\n\t<div id=\"gap-1074238870\" class=\"gap-element clearfix\" style=\"display:block; height:auto;\">\n\t\t\n<style>\n#gap-1074238870 {\n  padding-top: 30px;\n}\n<\/style>\n\t<\/div>\n\t\r\n\r\n\n<div class=\"wpcf7 no-js\" id=\"wpcf7-f1076-o2\" lang=\"vi-VN\" dir=\"ltr\" data-wpcf7-id=\"1076\">\n<div class=\"screen-reader-response\"><p role=\"status\" aria-live=\"polite\" aria-atomic=\"true\"><\/p> <ul><\/ul><\/div>\n<form action=\"\/vi\/wp-json\/wp\/v2\/pages\/805#wpcf7-f1076-o2\" method=\"post\" class=\"wpcf7-form init\" aria-label=\"Contact form\" novalidate=\"novalidate\" data-status=\"init\">\n<fieldset class=\"hidden-fields-container\"><input type=\"hidden\" name=\"_wpcf7\" value=\"1076\" \/><input type=\"hidden\" name=\"_wpcf7_version\" value=\"6.1.3\" \/><input type=\"hidden\" name=\"_wpcf7_locale\" value=\"vi_VN\" \/><input type=\"hidden\" name=\"_wpcf7_unit_tag\" value=\"wpcf7-f1076-o2\" \/><input type=\"hidden\" name=\"_wpcf7_container_post\" value=\"0\" \/><input type=\"hidden\" name=\"_wpcf7_posted_data_hash\" value=\"\" \/><input type=\"hidden\" name=\"_wpcf7_recaptcha_response\" value=\"\" \/>\n<\/fieldset>\n<div class=\"form-sidebar\">\n\t<div>\n\t\t<h3>B\u1ea3n tin\n\t\t<\/h3>\n\t\t<p>Lu\u00f4n c\u1eadp nh\u1eadt v\u1ec1 t\u1ea5t c\u1ea3 c\u00e1c c\u1eadp nh\u1eadt v\u00e0 d\u1ecbch v\u1ee5 m\u1edbi nh\u1ea5t c\u1ee7a ch\u00fang t\u00f4i, \u0111\u1ed3ng th\u1eddi \u0111\u0103ng k\u00fd nh\u1eadn b\u1ea3n tin email c\u1ee7a ch\u00fang t\u00f4i.\n\t\t<\/p>\n\t<\/div>\n\t<div>\n\t\t<p><span class=\"wpcf7-form-control-wrap\" data-name=\"first-name\"><input size=\"40\" maxlength=\"400\" class=\"wpcf7-form-control wpcf7-text wpcf7-validates-as-required\" aria-required=\"true\" aria-invalid=\"false\" placeholder=\"T\u00ean*\" value=\"\" type=\"text\" name=\"first-name\" \/><\/span>\n\t\t<\/p>\n\t<\/div>\n\t<div>\n\t\t<p><span class=\"wpcf7-form-control-wrap\" data-name=\"last-name\"><input size=\"40\" maxlength=\"400\" class=\"wpcf7-form-control wpcf7-text wpcf7-validates-as-required\" aria-required=\"true\" aria-invalid=\"false\" placeholder=\"H\u1ecd\" value=\"\" type=\"text\" name=\"last-name\" \/><\/span>\n\t\t<\/p>\n\t<\/div>\n<\/div>\n<div>\n\t<p><span class=\"wpcf7-form-control-wrap\" data-name=\"your-email\"><input size=\"40\" maxlength=\"400\" class=\"wpcf7-form-control wpcf7-email wpcf7-text wpcf7-validates-as-email\" aria-invalid=\"false\" placeholder=\"Email\" value=\"\" type=\"email\" name=\"your-email\" \/><\/span>\n\t<\/p>\n\t<div>\n\t\t<p><button type=\"submit\" class=\"button primary\"><br \/>\n<span>\u0110\u1eb7t mua<\/span><br \/>\n<\/button>\n\t\t<\/p>\n\t<\/div>\n<\/div><div class=\"wpcf7-response-output\" aria-hidden=\"true\"><\/div>\n<\/form>\n<\/div>\n\r\n\r\n<div class=\"is-divider divider clearfix\" style=\"max-width:100%;height:1px;background-color:rgb(0, 0, 0);\"><\/div>\n\t\t<\/div>\n\t\t\t\t\n<style>\n#col-545418286 > .col-inner {\n  padding: 20px 0px 0px 20px;\n}\n<\/style>\n\t<\/div>\n\n\t\n<\/div>\n\t\t<\/div>\n\t\t\t\t\t<\/div>\n\n\t\n<\/div>\n\t\t<\/div>\n\n\t\t\n<style>\n#section_770549886 {\n  padding-top: 0px;\n  padding-bottom: 0px;\n  background-color: rgb(249, 249, 249);\n}\n<\/style>\n\t<\/section>\n\t\n","protected":false},"excerpt":{"rendered":"","protected":false},"author":4,"featured_media":0,"parent":0,"menu_order":0,"comment_status":"closed","ping_status":"closed","template":"page-blank.php","meta":{"_acf_changed":false,"_monsterinsights_skip_tracking":false,"_monsterinsights_sitenote_active":false,"_monsterinsights_sitenote_note":"","_monsterinsights_sitenote_category":0,"footnotes":""},"class_list":["post-805","page","type-page","status-publish","hentry"],"acf":[],"aioseo_notices":[],"_links":{"self":[{"href":"https:\/\/parkerrussell.com.vn\/vi\/wp-json\/wp\/v2\/pages\/805","targetHints":{"allow":["GET"]}}],"collection":[{"href":"https:\/\/parkerrussell.com.vn\/vi\/wp-json\/wp\/v2\/pages"}],"about":[{"href":"https:\/\/parkerrussell.com.vn\/vi\/wp-json\/wp\/v2\/types\/page"}],"author":[{"embeddable":true,"href":"https:\/\/parkerrussell.com.vn\/vi\/wp-json\/wp\/v2\/users\/4"}],"replies":[{"embeddable":true,"href":"https:\/\/parkerrussell.com.vn\/vi\/wp-json\/wp\/v2\/comments?post=805"}],"version-history":[{"count":0,"href":"https:\/\/parkerrussell.com.vn\/vi\/wp-json\/wp\/v2\/pages\/805\/revisions"}],"wp:attachment":[{"href":"https:\/\/parkerrussell.com.vn\/vi\/wp-json\/wp\/v2\/media?parent=805"}],"curies":[{"name":"wp","href":"https:\/\/api.w.org\/{rel}","templated":true}]}}