{"id":1358,"date":"2024-05-14T05:30:19","date_gmt":"2024-05-14T05:30:19","guid":{"rendered":"https:\/\/test.parkerrussell.vn\/career\/"},"modified":"2026-01-28T07:08:22","modified_gmt":"2026-01-28T07:08:22","slug":"career","status":"publish","type":"page","link":"https:\/\/parkerrussell.com.vn\/vi\/career\/","title":{"rendered":"S\u1ef1 nghi\u1ec7p"},"content":{"rendered":"\t<section class=\"section\" id=\"section_1070585447\">\n\t\t<div class=\"bg section-bg fill bg-fill  bg-loaded\" >\n\n\t\t\t\n\t\t\t\n\t\t\t\n\n\t\t<\/div>\n\n\t\t\n\n\t\t<div class=\"section-content relative\">\n\t\t\t\n\n  <div class=\"banner has-hover\" id=\"banner-1634202672\">\n          <div class=\"banner-inner fill\">\n        <div class=\"banner-bg fill\" >\n            <div class=\"bg fill bg-fill \"><\/div>\n                                    \n                    <\/div>\n\t\t\n        <div class=\"banner-layers container\">\n            <div class=\"fill banner-link\"><\/div>            \n   <div id=\"text-box-640939267\" class=\"text-box banner-layer x55 md-x55 lg-x55 y50 md-y50 lg-y50 res-text\">\n                                <div class=\"text-box-content text dark\">\n              \n              <div class=\"text-inner text-left\">\n                  \n<h3>KH\u00c1M PH\u00c1 C\u01a0 H\u1ed8I<\/h3>\n<p>T\u1ea1i PARKER RUSSELL VI\u1ec6T NAM<\/p>\n<p>B\u1ea1n s\u1ebd \u0111\u01b0\u1ee3c ti\u1ebfp c\u1eadn v\u1edbi \u0111\u1ed9i ng\u0169 chuy\u00ean gia, h\u1ec7 th\u1ed1ng ngu\u1ed3n l\u1ef1c to\u00e0n di\u1ec7n v\u00e0 s\u1ef1 cam k\u1ebft \u0111\u1ed3ng h\u00e0nh nh\u1eb1m h\u1ed7 tr\u1ee3 b\u1ea1n x\u00e2y d\u1ef1ng m\u1ed9t s\u1ef1 nghi\u1ec7p chuy\u00ean nghi\u1ec7p, \u1ed5n \u0111\u1ecbnh v\u00e0 l\u00e2u d\u00e0i.<\/p>\n              <\/div>\n           <\/div>\n                            \n<style>\n#text-box-640939267 .text-box-content {\n  background-color: rgb(53, 53, 58);\n  font-size: 100%;\n}\n#text-box-640939267 .text-inner {\n  padding: 15px 0px 15px 15px;\n}\n#text-box-640939267 {\n  width: 50%;\n}\n<\/style>\n    <\/div>\n \n        <\/div>\n      <\/div>\n\n            \n<style>\n#banner-1634202672 {\n  padding-top: 300px;\n}\n#banner-1634202672 .bg.bg-loaded {\n  background-image: url(https:\/\/parkerrussell.com.vn\/wp-content\/uploads\/2024\/05\/12-REX-2050-M-STREET-Image-credit-Luxigon.jpg);\n}\n<\/style>\n  <\/div>\n\n\n\t\t<\/div>\n\n\t\t\n<style>\n#section_1070585447 {\n  padding-top: 0px;\n  padding-bottom: 0px;\n  background-color: rgb(249, 249, 249);\n}\n<\/style>\n\t<\/section>\n\t\n\t<section class=\"section\" id=\"section_1166493429\">\n\t\t<div class=\"bg section-bg fill bg-fill  bg-loaded\" >\n\n\t\t\t\n\t\t\t\n\t\t\t\n\n\t\t<\/div>\n\n\t\t\n\n\t\t<div class=\"section-content relative\">\n\t\t\t\n<div class=\"row\"  id=\"row-1682060333\">\n\n\t<div id=\"col-251943013\" class=\"col small-12 large-12\"  >\n\t\t\t\t<div class=\"col-inner text-center\"  >\n\t\t\t\n\t\t\t\n<div class=\"row\"  id=\"row-933585271\">\n\n\t<div id=\"col-1084478895\" class=\"col medium-11 small-12 large-11\"  >\n\t\t\t\t<div class=\"col-inner\" style=\"background-color:rgb(255, 255, 255);\" >\n\t\t\t\n\t\t\t\n<div class=\"row\"  id=\"row-2059277116\">\n\n\t<div id=\"col-2088484802\" class=\"col medium-4 small-12 large-4\"  >\n\t\t\t\t<div class=\"col-inner text-left\"  >\n\t\t\t\n\t\t\t\n\n<div class=\"wpcf7 no-js\" id=\"wpcf7-f1072-o1\" lang=\"vi-VN\" dir=\"ltr\" data-wpcf7-id=\"1072\">\n<div class=\"screen-reader-response\"><p role=\"status\" aria-live=\"polite\" aria-atomic=\"true\"><\/p> <ul><\/ul><\/div>\n<form action=\"\/vi\/wp-json\/wp\/v2\/pages\/1358#wpcf7-f1072-o1\" method=\"post\" class=\"wpcf7-form init\" aria-label=\"Contact form\" novalidate=\"novalidate\" data-status=\"init\">\n<fieldset class=\"hidden-fields-container\"><input type=\"hidden\" name=\"_wpcf7\" value=\"1072\" \/><input type=\"hidden\" name=\"_wpcf7_version\" value=\"6.1.3\" \/><input type=\"hidden\" name=\"_wpcf7_locale\" value=\"vi_VN\" \/><input type=\"hidden\" name=\"_wpcf7_unit_tag\" value=\"wpcf7-f1072-o1\" \/><input type=\"hidden\" name=\"_wpcf7_container_post\" value=\"0\" \/><input type=\"hidden\" name=\"_wpcf7_posted_data_hash\" value=\"\" \/><input type=\"hidden\" name=\"_wpcf7_recaptcha_response\" value=\"\" \/>\n<\/fieldset>\n<div class=\"form-contact\">\n\t<div>\n\t\t<h3>B\u1ea3n tin\n\t\t<\/h3>\n\t\t<p>Lu\u00f4n c\u1eadp nh\u1eadt v\u1ec1 t\u1ea5t c\u1ea3 c\u00e1c c\u1eadp nh\u1eadt v\u00e0 d\u1ecbch v\u1ee5 m\u1edbi nh\u1ea5t c\u1ee7a ch\u00fang t\u00f4i, \u0111\u1ed3ng th\u1eddi \u0111\u0103ng k\u00fd nh\u1eadn b\u1ea3n tin email c\u1ee7a ch\u00fang t\u00f4i.\n\t\t<\/p>\n\t<\/div>\n\t<div>\n\t\t<p><span class=\"wpcf7-form-control-wrap\" data-name=\"first-name\"><input size=\"40\" maxlength=\"400\" class=\"wpcf7-form-control wpcf7-text wpcf7-validates-as-required\" aria-required=\"true\" aria-invalid=\"false\" placeholder=\"T\u00ean*\" value=\"\" type=\"text\" name=\"first-name\" \/><\/span>\n\t\t<\/p>\n\t<\/div>\n\t<div>\n\t\t<p><span class=\"wpcf7-form-control-wrap\" data-name=\"last-name\"><input size=\"40\" maxlength=\"400\" class=\"wpcf7-form-control wpcf7-text wpcf7-validates-as-required\" aria-required=\"true\" aria-invalid=\"false\" placeholder=\"H\u1ecd *\" value=\"\" type=\"text\" name=\"last-name\" \/><\/span>\n\t\t<\/p>\n\t<\/div>\n<\/div>\n<p><span class=\"wpcf7-form-control-wrap\" data-name=\"your-email\"><input size=\"40\" maxlength=\"400\" class=\"wpcf7-form-control wpcf7-email wpcf7-text wpcf7-validates-as-email\" aria-invalid=\"false\" placeholder=\"Email\" value=\"\" type=\"email\" name=\"your-email\" \/><\/span>\n<\/p>\n<p><button type=\"submit\" class=\"button\"><br \/>\n<span>G\u1eedi tin nh\u1eafn<\/span><br \/>\n<\/button>\n<\/p><div class=\"wpcf7-response-output\" aria-hidden=\"true\"><\/div>\n<\/form>\n<\/div>\n\n\t\t<\/div>\n\t\t\t\t\t<\/div>\n\n\t\n\n\t<div id=\"col-1803055547\" class=\"col medium-8 small-12 large-8\"  >\n\t\t\t\t<div class=\"col-inner\"  >\n\t\t\t\n\t\t\t\n<div class=\"row\"  id=\"row-908619946\">\n\n\t<div id=\"col-1802202666\" class=\"col medium-4 small-12 large-4\"  >\n\t\t\t\t<div class=\"col-inner\"  >\n\t\t\t\n\t\t\t\n\t<div class=\"box has-hover car-box  has-hover box-label box-text-bottom\" >\n\n\t\t<div class=\"box-image\" >\n\t\t\t\t\t\t<div class=\"image-cover\" style=\"padding-top:150%;\">\n\t\t\t\t<img decoding=\"async\" width=\"1024\" height=\"683\" src=\"https:\/\/parkerrussell.com.vn\/wp-content\/uploads\/2024\/05\/CareerPRV-1024x683-1.jpeg\" class=\"attachment-original size-original\" alt=\"\" srcset=\"https:\/\/parkerrussell.com.vn\/wp-content\/uploads\/2024\/05\/CareerPRV-1024x683-1.jpeg 1024w, https:\/\/parkerrussell.com.vn\/wp-content\/uploads\/2024\/05\/CareerPRV-1024x683-1-300x200.jpeg 300w, https:\/\/parkerrussell.com.vn\/wp-content\/uploads\/2024\/05\/CareerPRV-1024x683-1-768x512.jpeg 768w\" sizes=\"(max-width: 1024px) 100vw, 1024px\" \/>\t\t\t\t\t\t\t\t\t\t\t<\/div>\n\t\t\t\t\t<\/div>\n\n\t\t<div class=\"box-text text-center\" style=\"background-color:rgb(227, 227, 228);padding:30px 30px 0px 30px;\">\n\t\t\t<div class=\"box-text-inner\">\n\t\t\t\t\n<p class=\"uppercase\"><strong data-start=\"130\" data-end=\"172\">M\u00f4i tr\u01b0\u1eddng l\u00e0m vi\u1ec7c t\u1ea1i prv<\/strong><\/p>\n<p class=\"uppercase\"><br data-start=\"172\" data-end=\"175\" \/>\u0110i\u1ec1u g\u00ec khi\u1ebfn PRV tr\u1edf n\u00ean kh\u00e1c bi\u1ec7t?<\/p>\n<a href=\"https:\/\/test.parkerrussell.vn\/career\/why-prv\/\" target=\"_self\" class=\"button secondary\"  >\n    <span>T\u00ecm hi\u1ec3u th\u00eam<\/span>\n  <\/a>\n\n\t\t\t<\/div>\n\t\t<\/div>\n\t<\/div>\n\t\n\t\t<\/div>\n\t\t\t\t\t<\/div>\n\n\t\n\n\t<div id=\"col-185960679\" class=\"col medium-4 small-12 large-4\"  >\n\t\t\t\t<div class=\"col-inner\"  >\n\t\t\t\n\t\t\t\n\t<div class=\"box has-hover car-box  has-hover box-label box-text-bottom\" >\n\n\t\t<div class=\"box-image\" >\n\t\t\t\t\t\t<div class=\"image-cover\" style=\"padding-top:150%;\">\n\t\t\t\t<img decoding=\"async\" width=\"1024\" height=\"689\" src=\"https:\/\/parkerrussell.com.vn\/wp-content\/uploads\/2024\/05\/Cover-1@3x-100-1024x689-2.jpg\" class=\"attachment-original size-original\" alt=\"\" srcset=\"https:\/\/parkerrussell.com.vn\/wp-content\/uploads\/2024\/05\/Cover-1@3x-100-1024x689-2.jpg 1024w, https:\/\/parkerrussell.com.vn\/wp-content\/uploads\/2024\/05\/Cover-1@3x-100-1024x689-2-300x202.jpg 300w, https:\/\/parkerrussell.com.vn\/wp-content\/uploads\/2024\/05\/Cover-1@3x-100-1024x689-2-768x517.jpg 768w\" sizes=\"(max-width: 1024px) 100vw, 1024px\" \/>\t\t\t\t\t\t\t\t\t\t\t<\/div>\n\t\t\t\t\t<\/div>\n\n\t\t<div class=\"box-text text-center\" style=\"background-color:rgb(227, 227, 228);padding:30px 30px 0px 30px;\">\n\t\t\t<div class=\"box-text-inner\">\n\t\t\t\t\n<p class=\"uppercase\"><strong>Ch\u01b0\u01a1ng tr\u00ecnh tuy\u1ec3n d\u1ee5ng Th\u1ef1c t\u1eadp sinh \u0111\u1ecbnh k\u1ef3 h\u1eb1ng n\u0103m<\/strong><\/p>\n<a href=\"https:\/\/test.parkerrussell.vn\/career\/internship-2023-2024-2\/\" target=\"_self\" class=\"button secondary\"  >\n    <span>T\u00ecm hi\u1ec3u th\u00eam<\/span>\n  <\/a>\n\n\t\t\t<\/div>\n\t\t<\/div>\n\t<\/div>\n\t\n\t\t<\/div>\n\t\t\t\t\t<\/div>\n\n\t\n\n\t<div id=\"col-659127746\" class=\"col medium-4 small-12 large-4\"  >\n\t\t\t\t<div class=\"col-inner\"  >\n\t\t\t\n\t\t\t\n\t<div class=\"box has-hover car-box  has-hover box-label box-text-bottom\" >\n\n\t\t<div class=\"box-image\" >\n\t\t\t\t\t\t<div class=\"image-cover\" style=\"padding-top:150%;\">\n\t\t\t\t<img decoding=\"async\" width=\"500\" height=\"500\" src=\"https:\/\/parkerrussell.com.vn\/wp-content\/uploads\/2024\/05\/f2eb4fd3-ddab-4473-bc4c-8e16f1567916.jpg\" class=\"attachment-original size-original\" alt=\"\" srcset=\"https:\/\/parkerrussell.com.vn\/wp-content\/uploads\/2024\/05\/f2eb4fd3-ddab-4473-bc4c-8e16f1567916.jpg 500w, https:\/\/parkerrussell.com.vn\/wp-content\/uploads\/2024\/05\/f2eb4fd3-ddab-4473-bc4c-8e16f1567916-300x300.jpg 300w, https:\/\/parkerrussell.com.vn\/wp-content\/uploads\/2024\/05\/f2eb4fd3-ddab-4473-bc4c-8e16f1567916-150x150.jpg 150w\" sizes=\"(max-width: 500px) 100vw, 500px\" \/>\t\t\t\t\t\t\t\t\t\t\t<\/div>\n\t\t\t\t\t<\/div>\n\n\t\t<div class=\"box-text text-center\" style=\"background-color:rgb(227, 227, 228);padding:30px 30px 0px 30px;\">\n\t\t\t<div class=\"box-text-inner\">\n\t\t\t\t\n<p class=\"uppercase\"><strong>Ph\u00e1t tri\u1ec3n s\u1ef1 nghi\u1ec7p d\u00e0nh cho Nh\u00e2n s\u1ef1 gi\u00e0u kinh nghi\u1ec7m<\/strong><\/p>\n<a href=\"https:\/\/test.parkerrussell.vn\/career\/experience-professional-careers\/\" target=\"_self\" class=\"button secondary\"  >\n    <span>T\u00ecm hi\u1ec3u th\u00eam<\/span>\n  <\/a>\n\n\t\t\t<\/div>\n\t\t<\/div>\n\t<\/div>\n\t\n\t\t<\/div>\n\t\t\t\t\t<\/div>\n\n\t\n<\/div>\n\t\t<\/div>\n\t\t\t\t\t<\/div>\n\n\t\n<\/div>\n\t\t<\/div>\n\t\t\t\t\t<\/div>\n\n\t\n<\/div>\n\t\t<\/div>\n\t\t\t\t\t<\/div>\n\n\t\n<\/div>\n\t\t<\/div>\n\n\t\t\n<style>\n#section_1166493429 {\n  padding-top: 30px;\n  padding-bottom: 30px;\n}\n<\/style>\n\t<\/section>\n\t\n","protected":false},"excerpt":{"rendered":"","protected":false},"author":4,"featured_media":0,"parent":0,"menu_order":0,"comment_status":"closed","ping_status":"closed","template":"page-blank.php","meta":{"_acf_changed":false,"_monsterinsights_skip_tracking":false,"_monsterinsights_sitenote_active":false,"_monsterinsights_sitenote_note":"","_monsterinsights_sitenote_category":0,"footnotes":""},"class_list":["post-1358","page","type-page","status-publish","hentry"],"acf":[],"aioseo_notices":[],"_links":{"self":[{"href":"https:\/\/parkerrussell.com.vn\/vi\/wp-json\/wp\/v2\/pages\/1358","targetHints":{"allow":["GET"]}}],"collection":[{"href":"https:\/\/parkerrussell.com.vn\/vi\/wp-json\/wp\/v2\/pages"}],"about":[{"href":"https:\/\/parkerrussell.com.vn\/vi\/wp-json\/wp\/v2\/types\/page"}],"author":[{"embeddable":true,"href":"https:\/\/parkerrussell.com.vn\/vi\/wp-json\/wp\/v2\/users\/4"}],"replies":[{"embeddable":true,"href":"https:\/\/parkerrussell.com.vn\/vi\/wp-json\/wp\/v2\/comments?post=1358"}],"version-history":[{"count":1,"href":"https:\/\/parkerrussell.com.vn\/vi\/wp-json\/wp\/v2\/pages\/1358\/revisions"}],"predecessor-version":[{"id":4524,"href":"https:\/\/parkerrussell.com.vn\/vi\/wp-json\/wp\/v2\/pages\/1358\/revisions\/4524"}],"wp:attachment":[{"href":"https:\/\/parkerrussell.com.vn\/vi\/wp-json\/wp\/v2\/media?parent=1358"}],"curies":[{"name":"wp","href":"https:\/\/api.w.org\/{rel}","templated":true}]}}